{"id":2266,"date":"2026-04-10T09:35:09","date_gmt":"2026-04-10T09:35:09","guid":{"rendered":"https:\/\/kurrospa.ee\/offers\/"},"modified":"2026-04-24T06:02:30","modified_gmt":"2026-04-24T06:02:30","slug":"offers","status":"publish","type":"page","link":"https:\/\/kurrospa.ee\/en\/offers\/","title":{"rendered":"Offers"},"content":{"rendered":"<div class=\"wp-block-cover alignfull\"><img loading=\"lazy\" decoding=\"async\" width=\"2560\" height=\"1699\" class=\"wp-block-cover__image-background wp-image-932 size-full\" alt=\"\" src=\"https:\/\/kurrospa.ee\/wp-content\/uploads\/2026\/03\/sookail-scaled.jpg\" data-object-fit=\"cover\" srcset=\"https:\/\/kurrospa.ee\/wp-content\/uploads\/2026\/03\/sookail-scaled.jpg 2560w, https:\/\/kurrospa.ee\/wp-content\/uploads\/2026\/03\/sookail-300x199.jpg 300w, https:\/\/kurrospa.ee\/wp-content\/uploads\/2026\/03\/sookail-1024x680.jpg 1024w, https:\/\/kurrospa.ee\/wp-content\/uploads\/2026\/03\/sookail-768x510.jpg 768w, https:\/\/kurrospa.ee\/wp-content\/uploads\/2026\/03\/sookail-1536x1019.jpg 1536w, https:\/\/kurrospa.ee\/wp-content\/uploads\/2026\/03\/sookail-2048x1359.jpg 2048w, https:\/\/kurrospa.ee\/wp-content\/uploads\/2026\/03\/sookail-1568x1041.jpg 1568w\" sizes=\"auto, (max-width: 2560px) 100vw, 2560px\" \/><span aria-hidden=\"true\" class=\"wp-block-cover__background has-background-dim-0 has-background-dim\" style=\"background-color:#507131\"><\/span><div class=\"wp-block-cover__inner-container is-layout-flow wp-block-cover-is-layout-flow\"><p class=\"has-text-align-center has-large-font-size\"><\/p><\/div><\/div><div style=\"height:100px\" aria-hidden=\"true\" class=\"wp-block-spacer mobile-spacer-10\"><\/div><h1 class=\"wp-block-heading has-text-align-center has-x-large-font-size\">Offers<\/h1><div style=\"height:40px\" aria-hidden=\"true\" class=\"wp-block-spacer mobile-spacer-10\"><\/div><div class=\"wp-block-columns alignwide is-layout-flex wp-container-core-columns-is-layout-7b875fd5 wp-block-columns-is-layout-flex\" style=\"padding-right:var(--wp--preset--spacing--40);padding-left:var(--wp--preset--spacing--40)\"><div class=\"wp-block-column is-layout-flow wp-block-column-is-layout-flow\"><div class=\"wp-block-edhotels-offers alignwide custom-three-blocks offers manual\"><div class=\"wp-offer-columns\"><div class=\"wp-offer-column \">\n\t\t<div class=\"offer-inner\">\n\t\t\t\t\t\t\t<h4>\n\t\t\t\t\t<span>For two<\/span>\n\t\t\t\t\t\t\t\t\t<\/h4>\n\t\t\t\t\t\t<a href=\"https:\/\/kurrospa.ee\/en\/offer\/spa-wanderer\/\"><figure class=\"wp-block-image\"><\/figure><\/a>\n\t\t\t<div class=\"offer-text-wrapper\">\n\t\t\t\t<h3><a href=\"https:\/\/kurrospa.ee\/en\/offer\/spa-wanderer\/\">Spa Wanderer<\/a><\/h3>\n\t\t\t\t<p>Spaanautleja pakkumine on loodud neile, kes soovivad tempot teadlikult maha v\u00f5tta, taastada n\u00e4rvis\u00fcsteemi ja anda kehale aega puhkamiseks ning tervenemiseks.<\/p>\n\t\t\t\t\t\t\t\t\t<div class=\"button-wrapper\">\n\t\t\t\t\t\t\t\t\t\t\t\t\t<div class=\"wp-block-button is-style-outline\">\n\t\t\t\t\t\t\t\t<a class=\"wp-block-button__link\" href=\"https:\/\/kurrospa.ee\/en\/offer\/spa-wanderer\/\">Read more<\/a>\n\t\t\t\t\t\t\t<\/div>\n\t\t\t\t\t\t\t\t\t\t\t\t\t\t\t\t\t<\/div>\n\t\t\t\t\t\t\t<\/div>\n\t\t<\/div>\n\t<\/div>\n\n<div class=\"wp-offer-column \">\n\t\t<div class=\"offer-inner\">\n\t\t\t\t\t\t\t<h4>\n\t\t\t\t\t<span>FOR FAMILY<\/span>\n\t\t\t\t\t\t\t\t\t<\/h4>\n\t\t\t\t\t\t<a href=\"https:\/\/kurrospa.ee\/en\/offer\/balanced-family-retreat\/\"><figure class=\"wp-block-image\"><\/figure><\/a>\n\t\t\t<div class=\"offer-text-wrapper\">\n\t\t\t\t<h3><a href=\"https:\/\/kurrospa.ee\/en\/offer\/balanced-family-retreat\/\">Balanced Family Retreat<\/a><\/h3>\n\t\t\t\t<p>The Balanced Family Retreat is crafted for families who want to be together, explore nature, and \u2013 when needed \u2013 find a moment for the parents to recharge.<\/p>\n\t\t\t\t\t\t\t\t\t<div class=\"button-wrapper\">\n\t\t\t\t\t\t\t\t\t\t\t\t\t<div class=\"wp-block-button is-style-outline\">\n\t\t\t\t\t\t\t\t<a class=\"wp-block-button__link\" href=\"https:\/\/kurrospa.ee\/en\/offer\/balanced-family-retreat\/\">Read more<\/a>\n\t\t\t\t\t\t\t<\/div>\n\t\t\t\t\t\t\t\t\t\t\t\t\t\t\t\t\t<\/div>\n\t\t\t\t\t\t\t<\/div>\n\t\t<\/div>\n\t<\/div>\n\n<div class=\"wp-offer-column \">\n\t\t<div class=\"offer-inner\">\n\t\t\t\t\t\t\t<h4>\n\t\t\t\t\t<span>For two<\/span>\n\t\t\t\t\t\t\t\t\t<\/h4>\n\t\t\t\t\t\t<a href=\"https:\/\/kurrospa.ee\/en\/offer\/a-pause-for-two\/\"><figure class=\"wp-block-image\"><\/figure><\/a>\n\t\t\t<div class=\"offer-text-wrapper\">\n\t\t\t\t<h3><a href=\"https:\/\/kurrospa.ee\/en\/offer\/a-pause-for-two\/\">A Pause for Two<\/a><\/h3>\n\t\t\t\t<p>Sometimes all it takes is creating the time and the space to truly see and hear one another. This offer is where we\u2019ve made commitment easy. <\/p>\n\t\t\t\t\t\t\t\t\t<div class=\"button-wrapper\">\n\t\t\t\t\t\t\t\t\t\t\t\t\t<div class=\"wp-block-button is-style-outline\">\n\t\t\t\t\t\t\t\t<a class=\"wp-block-button__link\" href=\"https:\/\/kurrospa.ee\/en\/offer\/a-pause-for-two\/\">Read more<\/a>\n\t\t\t\t\t\t\t<\/div>\n\t\t\t\t\t\t\t\t\t\t\t\t\t\t\t\t\t<\/div>\n\t\t\t\t\t\t\t<\/div>\n\t\t<\/div>\n\t<\/div><\/div><\/div>\n\n<div style=\"height:100px\" aria-hidden=\"true\" class=\"wp-block-spacer mobile-spacer-0\"><\/div>\n\n<div class=\"wp-block-edhotels-offers alignwide custom-three-blocks offers manual\"><div class=\"wp-offer-columns\"><div class=\"wp-offer-column \">\n\t\t<div class=\"offer-inner\">\n\t\t\t\t\t\t\t<h4>\n\t\t\t\t\t<span>For two<\/span>\n\t\t\t\t\t\t\t\t\t<\/h4>\n\t\t\t\t\t\t<a href=\"https:\/\/kurrospa.ee\/en\/offer\/workcation\/\"><figure class=\"wp-block-image\"><\/figure><\/a>\n\t\t\t<div class=\"offer-text-wrapper\">\n\t\t\t\t<h3><a href=\"https:\/\/kurrospa.ee\/en\/offer\/workcation\/\">Workcation<\/a><\/h3>\n\t\t\t\t<p>Can work actually feel like a holiday? Yes \u2013 if you change your surroundings and allow yourself a whole new level of rest once the work is done.<\/p>\n\t\t\t\t\t\t\t\t\t<div class=\"button-wrapper\">\n\t\t\t\t\t\t\t\t\t\t\t\t\t<div class=\"wp-block-button is-style-outline\">\n\t\t\t\t\t\t\t\t<a class=\"wp-block-button__link\" href=\"https:\/\/kurrospa.ee\/en\/offer\/workcation\/\">Read more<\/a>\n\t\t\t\t\t\t\t<\/div>\n\t\t\t\t\t\t\t\t\t\t\t\t\t\t\t\t\t<\/div>\n\t\t\t\t\t\t\t<\/div>\n\t\t<\/div>\n\t<\/div>\n\n<div class=\"wp-offer-column wide\">\n\t\t<div class=\"offer-inner\">\n\t\t\t\t\t\t\t<h4>\n\t\t\t\t\t<span>Just for one<\/span>\n\t\t\t\t\t\t\t\t\t<\/h4>\n\t\t\t\t\t\t<a href=\"https:\/\/kurrospa.ee\/en\/offer\/my-time-my-holiday\/\"><figure class=\"wp-block-image\"><\/figure><\/a>\n\t\t\t<div class=\"offer-text-wrapper\">\n\t\t\t\t<h3><a href=\"https:\/\/kurrospa.ee\/en\/offer\/my-time-my-holiday\/\">My Time, My Holiday<\/a><\/h3>\n\t\t\t\t<p>This offer is for you \u2014 the one who has realised that you are the most important person in your world. Time where you can, if you choose, switch the whole world off. This is a time when you can allow yourself to switch off from the rest of the world if you wish.<\/p>\n\t\t\t\t\t\t\t\t\t<div class=\"button-wrapper\">\n\t\t\t\t\t\t\t\t\t\t\t\t\t<div class=\"wp-block-button is-style-outline\">\n\t\t\t\t\t\t\t\t<a class=\"wp-block-button__link\" href=\"https:\/\/kurrospa.ee\/en\/offer\/my-time-my-holiday\/\">Read more<\/a>\n\t\t\t\t\t\t\t<\/div>\n\t\t\t\t\t\t\t\t\t\t\t\t\t\t\t\t\t<\/div>\n\t\t\t\t\t\t\t<\/div>\n\t\t<\/div>\n\t<\/div><\/div><\/div><\/div><\/div><div style=\"height:100px\" aria-hidden=\"true\" class=\"wp-block-spacer mobile-spacer-10\"><\/div>","protected":false},"excerpt":{"rendered":"<p>Offers<\/p>\n","protected":false},"author":3,"featured_media":0,"parent":0,"menu_order":0,"comment_status":"closed","ping_status":"closed","template":"","meta":{"footnotes":""},"class_list":["post-2266","page","type-page","status-publish","hentry"],"yoast_head":"<!-- This site is optimized with the Yoast SEO plugin v27.5 - https:\/\/yoast.com\/product\/yoast-seo-wordpress\/ -->\n<title>Offers - Kurro Natur Spa<\/title>\n<meta name=\"robots\" content=\"index, follow, max-snippet:-1, max-image-preview:large, max-video-preview:-1\" \/>\n<link rel=\"canonical\" href=\"https:\/\/kurrospa.ee\/en\/offers\/\" \/>\n<meta property=\"og:locale\" content=\"en_US\" \/>\n<meta property=\"og:type\" content=\"article\" \/>\n<meta property=\"og:title\" content=\"Offers - Kurro Natur Spa\" \/>\n<meta property=\"og:description\" content=\"Offers\" \/>\n<meta property=\"og:url\" content=\"https:\/\/kurrospa.ee\/en\/offers\/\" \/>\n<meta property=\"og:site_name\" content=\"Kurro Natur Spa\" \/>\n<meta property=\"article:modified_time\" content=\"2026-04-24T06:02:30+00:00\" \/>\n<meta property=\"og:image\" content=\"https:\/\/kurrospa.ee\/wp-content\/uploads\/2026\/03\/sookail-scaled.jpg\" \/>\n<meta name=\"twitter:card\" content=\"summary_large_image\" \/>\n<meta name=\"twitter:label1\" content=\"Est. reading time\" \/>\n\t<meta name=\"twitter:data1\" content=\"1 minute\" \/>\n<script type=\"application\/ld+json\" class=\"yoast-schema-graph\">{\"@context\":\"https:\\\/\\\/schema.org\",\"@graph\":[{\"@type\":\"WebPage\",\"@id\":\"https:\\\/\\\/kurrospa.ee\\\/en\\\/offers\\\/\",\"url\":\"https:\\\/\\\/kurrospa.ee\\\/en\\\/offers\\\/\",\"name\":\"Offers - Kurro Natur Spa\",\"isPartOf\":{\"@id\":\"https:\\\/\\\/kurrospa.ee\\\/en\\\/#website\"},\"primaryImageOfPage\":{\"@id\":\"https:\\\/\\\/kurrospa.ee\\\/en\\\/offers\\\/#primaryimage\"},\"image\":{\"@id\":\"https:\\\/\\\/kurrospa.ee\\\/en\\\/offers\\\/#primaryimage\"},\"thumbnailUrl\":\"https:\\\/\\\/kurrospa.ee\\\/wp-content\\\/uploads\\\/2026\\\/03\\\/sookail-scaled.jpg\",\"datePublished\":\"2026-04-10T09:35:09+00:00\",\"dateModified\":\"2026-04-24T06:02:30+00:00\",\"breadcrumb\":{\"@id\":\"https:\\\/\\\/kurrospa.ee\\\/en\\\/offers\\\/#breadcrumb\"},\"inLanguage\":\"en-US\",\"potentialAction\":[{\"@type\":\"ReadAction\",\"target\":[\"https:\\\/\\\/kurrospa.ee\\\/en\\\/offers\\\/\"]}]},{\"@type\":\"ImageObject\",\"inLanguage\":\"en-US\",\"@id\":\"https:\\\/\\\/kurrospa.ee\\\/en\\\/offers\\\/#primaryimage\",\"url\":\"https:\\\/\\\/kurrospa.ee\\\/wp-content\\\/uploads\\\/2026\\\/03\\\/sookail-scaled.jpg\",\"contentUrl\":\"https:\\\/\\\/kurrospa.ee\\\/wp-content\\\/uploads\\\/2026\\\/03\\\/sookail-scaled.jpg\"},{\"@type\":\"BreadcrumbList\",\"@id\":\"https:\\\/\\\/kurrospa.ee\\\/en\\\/offers\\\/#breadcrumb\",\"itemListElement\":[{\"@type\":\"ListItem\",\"position\":1,\"name\":\"Home\",\"item\":\"https:\\\/\\\/kurrospa.ee\\\/en\\\/\"},{\"@type\":\"ListItem\",\"position\":2,\"name\":\"Offers\"}]},{\"@type\":\"WebSite\",\"@id\":\"https:\\\/\\\/kurrospa.ee\\\/en\\\/#website\",\"url\":\"https:\\\/\\\/kurrospa.ee\\\/en\\\/\",\"name\":\"Kurro Natur Spa\",\"description\":\"Kurro spaahotell Peipsi j&auml;ve &auml;&auml;res\",\"potentialAction\":[{\"@type\":\"SearchAction\",\"target\":{\"@type\":\"EntryPoint\",\"urlTemplate\":\"https:\\\/\\\/kurrospa.ee\\\/en\\\/?s={search_term_string}\"},\"query-input\":{\"@type\":\"PropertyValueSpecification\",\"valueRequired\":true,\"valueName\":\"search_term_string\"}}],\"inLanguage\":\"en-US\"}]}<\/script>\n<!-- \/ Yoast SEO plugin. -->","yoast_head_json":{"title":"Offers - Kurro Natur Spa","robots":{"index":"index","follow":"follow","max-snippet":"max-snippet:-1","max-image-preview":"max-image-preview:large","max-video-preview":"max-video-preview:-1"},"canonical":"https:\/\/kurrospa.ee\/en\/offers\/","og_locale":"en_US","og_type":"article","og_title":"Offers - Kurro Natur Spa","og_description":"Offers","og_url":"https:\/\/kurrospa.ee\/en\/offers\/","og_site_name":"Kurro Natur Spa","article_modified_time":"2026-04-24T06:02:30+00:00","og_image":[{"url":"https:\/\/kurrospa.ee\/wp-content\/uploads\/2026\/03\/sookail-scaled.jpg","type":"","width":"","height":""}],"twitter_card":"summary_large_image","twitter_misc":{"Est. reading time":"1 minute"},"schema":{"@context":"https:\/\/schema.org","@graph":[{"@type":"WebPage","@id":"https:\/\/kurrospa.ee\/en\/offers\/","url":"https:\/\/kurrospa.ee\/en\/offers\/","name":"Offers - Kurro Natur Spa","isPartOf":{"@id":"https:\/\/kurrospa.ee\/en\/#website"},"primaryImageOfPage":{"@id":"https:\/\/kurrospa.ee\/en\/offers\/#primaryimage"},"image":{"@id":"https:\/\/kurrospa.ee\/en\/offers\/#primaryimage"},"thumbnailUrl":"https:\/\/kurrospa.ee\/wp-content\/uploads\/2026\/03\/sookail-scaled.jpg","datePublished":"2026-04-10T09:35:09+00:00","dateModified":"2026-04-24T06:02:30+00:00","breadcrumb":{"@id":"https:\/\/kurrospa.ee\/en\/offers\/#breadcrumb"},"inLanguage":"en-US","potentialAction":[{"@type":"ReadAction","target":["https:\/\/kurrospa.ee\/en\/offers\/"]}]},{"@type":"ImageObject","inLanguage":"en-US","@id":"https:\/\/kurrospa.ee\/en\/offers\/#primaryimage","url":"https:\/\/kurrospa.ee\/wp-content\/uploads\/2026\/03\/sookail-scaled.jpg","contentUrl":"https:\/\/kurrospa.ee\/wp-content\/uploads\/2026\/03\/sookail-scaled.jpg"},{"@type":"BreadcrumbList","@id":"https:\/\/kurrospa.ee\/en\/offers\/#breadcrumb","itemListElement":[{"@type":"ListItem","position":1,"name":"Home","item":"https:\/\/kurrospa.ee\/en\/"},{"@type":"ListItem","position":2,"name":"Offers"}]},{"@type":"WebSite","@id":"https:\/\/kurrospa.ee\/en\/#website","url":"https:\/\/kurrospa.ee\/en\/","name":"Kurro Natur Spa","description":"Kurro spaahotell Peipsi j&auml;ve &auml;&auml;res","potentialAction":[{"@type":"SearchAction","target":{"@type":"EntryPoint","urlTemplate":"https:\/\/kurrospa.ee\/en\/?s={search_term_string}"},"query-input":{"@type":"PropertyValueSpecification","valueRequired":true,"valueName":"search_term_string"}}],"inLanguage":"en-US"}]}},"_links":{"self":[{"href":"https:\/\/kurrospa.ee\/en\/wp-json\/wp\/v2\/pages\/2266","targetHints":{"allow":["GET"]}}],"collection":[{"href":"https:\/\/kurrospa.ee\/en\/wp-json\/wp\/v2\/pages"}],"about":[{"href":"https:\/\/kurrospa.ee\/en\/wp-json\/wp\/v2\/types\/page"}],"author":[{"embeddable":true,"href":"https:\/\/kurrospa.ee\/en\/wp-json\/wp\/v2\/users\/3"}],"replies":[{"embeddable":true,"href":"https:\/\/kurrospa.ee\/en\/wp-json\/wp\/v2\/comments?post=2266"}],"version-history":[{"count":2,"href":"https:\/\/kurrospa.ee\/en\/wp-json\/wp\/v2\/pages\/2266\/revisions"}],"predecessor-version":[{"id":2292,"href":"https:\/\/kurrospa.ee\/en\/wp-json\/wp\/v2\/pages\/2266\/revisions\/2292"}],"wp:attachment":[{"href":"https:\/\/kurrospa.ee\/en\/wp-json\/wp\/v2\/media?parent=2266"}],"curies":[{"name":"wp","href":"https:\/\/api.w.org\/{rel}","templated":true}]}}